{"id":10,"date":"2018-06-29T11:31:22","date_gmt":"2018-06-29T09:31:22","guid":{"rendered":"http:\/\/54.93.33.60\/scoiattolo\/?page_id=10"},"modified":"2024-07-23T09:15:57","modified_gmt":"2024-07-23T07:15:57","slug":"chi-siamo","status":"publish","type":"page","link":"https:\/\/bottega.scoiattolo.org\/index.php\/chi-siamo\/","title":{"rendered":"Chi siamo"},"content":{"rendered":"\n<p class=\"row-full has-background has-open-sans-font-family has-custom-font has-custom-weight\" style=\"background:linear-gradient(135deg,rgb(204,212,191) 0%,rgb(227,236,213) 50%,rgb(204,212,191) 100%);font-family:Open Sans;font-weight:bold;font-size:28px\">La cooperativa Lo Scoiattolo<\/p>\n\n\n\n<div class=\"wp-block-uagb-container uagb-block-mjni5jyy alignfull uagb-is-root-container\"><div class=\"uagb-container-inner-blocks-wrap\">\n<div class=\"wp-block-uagb-container uagb-block-joibva9q\">\n<div class=\"wp-block-uagb-container uagb-layout-grid uagb-block-d7ttlt4s\">\n<div class=\"wp-block-uagb-image aligncenter uagb-block-sm0hb2wk wp-block-uagb-image--layout-default wp-block-uagb-image--effect-static wp-block-uagb-image--align-center alignleft\"><figure class=\"wp-block-uagb-image__figure\"><img decoding=\"async\" srcset=\"https:\/\/bottega.scoiattolo.org\/wp-content\/uploads\/lavagna-sco_def_web-copia-300x190.jpg ,https:\/\/bottega.scoiattolo.org\/wp-content\/uploads\/lavagna-sco_def_web-copia.jpg 780w, https:\/\/bottega.scoiattolo.org\/wp-content\/uploads\/lavagna-sco_def_web-copia.jpg 360w\" sizes=\"auto, (max-width: 480px) 150px\" src=\"https:\/\/bottega.scoiattolo.org\/wp-content\/uploads\/lavagna-sco_def_web-copia-300x190.jpg\" alt=\"\" class=\"uag-image-177\" width=\"300\" height=\"190\" title=\"lavagna-sco_def_web copia\" loading=\"lazy\" role=\"img\"\/><\/figure><\/div>\n\n\n\n<div class=\"wp-block-uagb-info-box uagb-block-xwngppwh uagb-infobox__content-wrap  uagb-infobox-icon-above-title uagb-infobox-image-valign-top\"><div class=\"uagb-ifb-content\"><div class=\"uagb-ifb-title-wrap\"><h3 class=\"uagb-ifb-title\">Chi siamo<\/h3><\/div><p class=\"uagb-ifb-desc\">Siamo una cooperativa sociale che opera dal <strong>1988<\/strong> per l&#8217;inclusione sociale dei pi\u00f9 deboli e nella <strong>costruzione di una economia diversa<\/strong>, solidale ed etica, basata sulle relazioni e la sostenibilit\u00e0 ambientale. Proprio per questo obiettivo abbiamo scelto di restare legati al nostro territorio, le valli del Setta, del Savena e del Reno e di curare, in ogni nostro progetto, le relazioni le persone che lo abitano.<br><strong>Cos\u00ec \u00e8 nata anche la Bottega Volante<\/strong>: una filiera basata sulla fiducia tra la cooperativa, i produttori e chi acquista e che offre a persone in difficolt\u00e0, tramite il laboratorio socio-occupazionale, un lavoro &#8220;buono&#8221;, fonte di autostima e inclusione.<br>Oltre alla Bottega abbiamo altri progetti, tutti con l&#8217;obiettivo dell&#8217;inclusione sociale, della sostenibilit\u00e0 ambientale e della difesa dei beni comuni.<br><strong>Se vuoi conoscerci meglio vai al <a href=\"http:\/\/www.scoiattolo.org\/\" target=\"_blank\" rel=\"noreferrer noopener\">nostro sito<\/a>.<\/strong><br><\/p><\/div><\/div>\n<\/div>\n<\/div>\n<\/div><\/div>\n\n\n\n<div class=\"wp-block-uagb-container uagb-block-27ca868b alignfull uagb-is-root-container\"><div class=\"uagb-container-inner-blocks-wrap\">\n<div class=\"wp-block-uagb-separator uagb-block-e7173ad5\"><div class=\"wp-block-uagb-separator__inner\" style=\"--my-background-image:\"><\/div><\/div>\n\n\n\n<blockquote class=\"wp-block-quote is-layout-flow wp-block-quote-is-layout-flow\">\n<p style=\"font-size:22px\"><em>\u201cLa Bottega Volante dello Scoiattolo sostiene l\u2019economia del nostro territorio mettendo in contatto produttori<\/em> <em>e consumatori e contribuisce a diffondere&nbsp;un consumo consapevole, sostenibile e di qualit\u00e0.\u201d<\/em><\/p>\n<\/blockquote>\n<\/div><\/div>\n\n\n\n<div class=\"wp-block-uagb-separator uagb-block-ab246c8b\"><div class=\"wp-block-uagb-separator__inner\" style=\"--my-background-image:\"><\/div><\/div>\n\n\n\n<div class=\"wp-block-uagb-container uagb-block-d21d1477 alignfull uagb-is-root-container\"><div class=\"uagb-container-inner-blocks-wrap\">\n<div class=\"wp-block-uagb-container uagb-block-903ee8de\">\n<p><strong>Lo Scoiattolo Onlus Societ\u00e0 cooperativa sociale<\/strong><\/p>\n\n\n\n<p><strong>Sede legale:<\/strong> via Bignardi 13 \u2013 40036 \u2013 Monzuno (BO)<br><strong>Sede operativa:<\/strong> via Setta 64 \u2013 40037 \u2013 Sasso Marconi (BO)<\/p>\n\n\n\n<p><strong>Telefono:<\/strong> 051 841277 &#8211; Fax: 051 0876134<br><strong>e-mail:<\/strong> info@scoiattolo.org &#8211; <strong>PEC:<\/strong> loscoiattolo@pec.confcooperative.it<\/p>\n\n\n\n<p><strong>Partita IVA:<\/strong> 00663841203 &#8211; <strong>Codice Fiscale:<\/strong> 03807460377<\/p>\n\n\n\n<div class=\"wp-block-uagb-separator uagb-block-b3753733\"><div class=\"wp-block-uagb-separator__inner\" style=\"--my-background-image:\"><\/div><\/div>\n\n\n\n<blockquote class=\"wp-block-quote is-layout-flow wp-block-quote-is-layout-flow\">\n<p style=\"font-size:22px\"><em>Il nostro obiettivo \u00e8 migliorare nella quotidianit\u00e0 la qualit\u00e0 di vita di chi vive e lavora vicino a noi<\/em><\/p>\n\n\n\n<div class=\"wp-block-uagb-separator uagb-block-aee6f6bd\"><div class=\"wp-block-uagb-separator__inner\" style=\"--my-background-image:\"><\/div><\/div>\n<\/blockquote>\n<\/div>\n\n\n\n<div class=\"wp-block-uagb-container uagb-block-68e5e190\">\n<figure class=\"wp-block-embed aligncenter is-type-video is-provider-youtube wp-block-embed-youtube wp-has-aspect-ratio\"><div class=\"wp-block-embed__wrapper\">\n<iframe loading=\"lazy\" hcb-fetch-image-from=\"https:\/\/www.youtube.com\/watch?v=Q7rCffvwzwU\" title=\"Le attivit\u00e0 della Cooperativa Sociale Lo Scoiattolo - 2017\" width=\"1170\" height=\"658\" src=\"https:\/\/www.youtube.com\/embed\/Q7rCffvwzwU?feature=oembed\" frameborder=\"0\" allow=\"accelerometer; autoplay; clipboard-write; encrypted-media; gyroscope; picture-in-picture; web-share\" referrerpolicy=\"strict-origin-when-cross-origin\" allowfullscreen><\/iframe>\n<\/div><\/figure>\n<\/div>\n<\/div><\/div>\n\n\n\n<div class=\"wp-block-uagb-container uagb-block-591719c7 alignfull uagb-is-root-container\"><div class=\"uagb-container-inner-blocks-wrap\"><\/div><\/div>\n","protected":false},"excerpt":{"rendered":"<p>La cooperativa Lo Scoiattolo \u201cLa Bottega Volante dello Scoiattolo sostiene l\u2019economia del nostro territorio mettendo in contatto produttori e consumatori e contribuisce a diffondere&nbsp;un consumo consapevole, sostenibile e di qualit\u00e0.\u201d Lo Scoiattolo Onlus Societ\u00e0 cooperativa sociale Sede legale: via Bignardi 13 \u2013 40036 \u2013 Monzuno (BO)Sede operativa: via Setta 64 \u2013 40037 \u2013 Sasso Marconi [&hellip;]<\/p>\n","protected":false},"author":4,"featured_media":0,"parent":0,"menu_order":0,"comment_status":"closed","ping_status":"closed","template":"fullwidth.php","meta":{"_uag_custom_page_level_css":"","footnotes":""},"class_list":["post-10","page","type-page","status-publish","hentry"],"yoast_head":"<!-- This site is optimized with the Yoast SEO plugin v27.3 - https:\/\/yoast.com\/product\/yoast-seo-wordpress\/ -->\n<title>Chi siamo - La bottega dello Scoiattolo<\/title>\n<meta name=\"description\" content=\"Siamo una cooperativa, lavoriamo per l&#039;inclusione sociale e operiamo per un&#039;economia solidale e capace di contribuire alla sostenibilit\u00e0 ambientale.\" \/>\n<meta name=\"robots\" content=\"index, follow, max-snippet:-1, max-image-preview:large, max-video-preview:-1\" \/>\n<link rel=\"canonical\" href=\"https:\/\/bottega.scoiattolo.org\/index.php\/chi-siamo\/\" \/>\n<meta name=\"twitter:label1\" content=\"Tempo di lettura stimato\" \/>\n\t<meta name=\"twitter:data1\" content=\"1 minuto\" \/>\n<script type=\"application\/ld+json\" class=\"yoast-schema-graph\">{\"@context\":\"https:\\\/\\\/schema.org\",\"@graph\":[{\"@type\":\"WebPage\",\"@id\":\"https:\\\/\\\/bottega.scoiattolo.org\\\/index.php\\\/chi-siamo\\\/\",\"url\":\"https:\\\/\\\/bottega.scoiattolo.org\\\/index.php\\\/chi-siamo\\\/\",\"name\":\"Chi siamo - La bottega dello Scoiattolo\",\"isPartOf\":{\"@id\":\"https:\\\/\\\/bottega.scoiattolo.org\\\/#website\"},\"primaryImageOfPage\":{\"@id\":\"https:\\\/\\\/bottega.scoiattolo.org\\\/index.php\\\/chi-siamo\\\/#primaryimage\"},\"image\":{\"@id\":\"https:\\\/\\\/bottega.scoiattolo.org\\\/index.php\\\/chi-siamo\\\/#primaryimage\"},\"thumbnailUrl\":\"https:\\\/\\\/bottega.scoiattolo.org\\\/wp-content\\\/uploads\\\/lavagna-sco_def_web-copia-300x190.jpg\",\"datePublished\":\"2018-06-29T09:31:22+00:00\",\"dateModified\":\"2024-07-23T07:15:57+00:00\",\"description\":\"Siamo una cooperativa, lavoriamo per l'inclusione sociale e operiamo per un'economia solidale e capace di contribuire alla sostenibilit\u00e0 ambientale.\",\"breadcrumb\":{\"@id\":\"https:\\\/\\\/bottega.scoiattolo.org\\\/index.php\\\/chi-siamo\\\/#breadcrumb\"},\"inLanguage\":\"it-IT\",\"potentialAction\":[{\"@type\":\"ReadAction\",\"target\":[\"https:\\\/\\\/bottega.scoiattolo.org\\\/index.php\\\/chi-siamo\\\/\"]}]},{\"@type\":\"ImageObject\",\"inLanguage\":\"it-IT\",\"@id\":\"https:\\\/\\\/bottega.scoiattolo.org\\\/index.php\\\/chi-siamo\\\/#primaryimage\",\"url\":\"https:\\\/\\\/bottega.scoiattolo.org\\\/wp-content\\\/uploads\\\/lavagna-sco_def_web-copia.jpg\",\"contentUrl\":\"https:\\\/\\\/bottega.scoiattolo.org\\\/wp-content\\\/uploads\\\/lavagna-sco_def_web-copia.jpg\",\"width\":1773,\"height\":1123},{\"@type\":\"BreadcrumbList\",\"@id\":\"https:\\\/\\\/bottega.scoiattolo.org\\\/index.php\\\/chi-siamo\\\/#breadcrumb\",\"itemListElement\":[{\"@type\":\"ListItem\",\"position\":1,\"name\":\"Home\",\"item\":\"https:\\\/\\\/bottega.scoiattolo.org\\\/\"},{\"@type\":\"ListItem\",\"position\":2,\"name\":\"Chi siamo\"}]},{\"@type\":\"WebSite\",\"@id\":\"https:\\\/\\\/bottega.scoiattolo.org\\\/#website\",\"url\":\"https:\\\/\\\/bottega.scoiattolo.org\\\/\",\"name\":\"La bottega dello Scoiattolo\",\"description\":\"Prodotti biologici locali\",\"publisher\":{\"@id\":\"https:\\\/\\\/bottega.scoiattolo.org\\\/#organization\"},\"potentialAction\":[{\"@type\":\"SearchAction\",\"target\":{\"@type\":\"EntryPoint\",\"urlTemplate\":\"https:\\\/\\\/bottega.scoiattolo.org\\\/?s={search_term_string}\"},\"query-input\":{\"@type\":\"PropertyValueSpecification\",\"valueRequired\":true,\"valueName\":\"search_term_string\"}}],\"inLanguage\":\"it-IT\"},{\"@type\":\"Organization\",\"@id\":\"https:\\\/\\\/bottega.scoiattolo.org\\\/#organization\",\"name\":\"La bottega dello Scoiattolo\",\"url\":\"https:\\\/\\\/bottega.scoiattolo.org\\\/\",\"logo\":{\"@type\":\"ImageObject\",\"inLanguage\":\"it-IT\",\"@id\":\"https:\\\/\\\/bottega.scoiattolo.org\\\/#\\\/schema\\\/logo\\\/image\\\/\",\"url\":\"https:\\\/\\\/bottega.scoiattolo.org\\\/wp-content\\\/uploads\\\/BV_logotondo.png\",\"contentUrl\":\"https:\\\/\\\/bottega.scoiattolo.org\\\/wp-content\\\/uploads\\\/BV_logotondo.png\",\"width\":2329,\"height\":2275,\"caption\":\"La bottega dello Scoiattolo\"},\"image\":{\"@id\":\"https:\\\/\\\/bottega.scoiattolo.org\\\/#\\\/schema\\\/logo\\\/image\\\/\"},\"sameAs\":[\"https:\\\/\\\/www.facebook.com\\\/bottega.scoiattolo.org\\\/\"]}]}<\/script>\n<!-- \/ Yoast SEO plugin. -->","yoast_head_json":{"title":"Chi siamo - La bottega dello Scoiattolo","description":"Siamo una cooperativa, lavoriamo per l'inclusione sociale e operiamo per un'economia solidale e capace di contribuire alla sostenibilit\u00e0 ambientale.","robots":{"index":"index","follow":"follow","max-snippet":"max-snippet:-1","max-image-preview":"max-image-preview:large","max-video-preview":"max-video-preview:-1"},"canonical":"https:\/\/bottega.scoiattolo.org\/index.php\/chi-siamo\/","twitter_misc":{"Tempo di lettura stimato":"1 minuto"},"schema":{"@context":"https:\/\/schema.org","@graph":[{"@type":"WebPage","@id":"https:\/\/bottega.scoiattolo.org\/index.php\/chi-siamo\/","url":"https:\/\/bottega.scoiattolo.org\/index.php\/chi-siamo\/","name":"Chi siamo - La bottega dello Scoiattolo","isPartOf":{"@id":"https:\/\/bottega.scoiattolo.org\/#website"},"primaryImageOfPage":{"@id":"https:\/\/bottega.scoiattolo.org\/index.php\/chi-siamo\/#primaryimage"},"image":{"@id":"https:\/\/bottega.scoiattolo.org\/index.php\/chi-siamo\/#primaryimage"},"thumbnailUrl":"https:\/\/bottega.scoiattolo.org\/wp-content\/uploads\/lavagna-sco_def_web-copia-300x190.jpg","datePublished":"2018-06-29T09:31:22+00:00","dateModified":"2024-07-23T07:15:57+00:00","description":"Siamo una cooperativa, lavoriamo per l'inclusione sociale e operiamo per un'economia solidale e capace di contribuire alla sostenibilit\u00e0 ambientale.","breadcrumb":{"@id":"https:\/\/bottega.scoiattolo.org\/index.php\/chi-siamo\/#breadcrumb"},"inLanguage":"it-IT","potentialAction":[{"@type":"ReadAction","target":["https:\/\/bottega.scoiattolo.org\/index.php\/chi-siamo\/"]}]},{"@type":"ImageObject","inLanguage":"it-IT","@id":"https:\/\/bottega.scoiattolo.org\/index.php\/chi-siamo\/#primaryimage","url":"https:\/\/bottega.scoiattolo.org\/wp-content\/uploads\/lavagna-sco_def_web-copia.jpg","contentUrl":"https:\/\/bottega.scoiattolo.org\/wp-content\/uploads\/lavagna-sco_def_web-copia.jpg","width":1773,"height":1123},{"@type":"BreadcrumbList","@id":"https:\/\/bottega.scoiattolo.org\/index.php\/chi-siamo\/#breadcrumb","itemListElement":[{"@type":"ListItem","position":1,"name":"Home","item":"https:\/\/bottega.scoiattolo.org\/"},{"@type":"ListItem","position":2,"name":"Chi siamo"}]},{"@type":"WebSite","@id":"https:\/\/bottega.scoiattolo.org\/#website","url":"https:\/\/bottega.scoiattolo.org\/","name":"La bottega dello Scoiattolo","description":"Prodotti biologici locali","publisher":{"@id":"https:\/\/bottega.scoiattolo.org\/#organization"},"potentialAction":[{"@type":"SearchAction","target":{"@type":"EntryPoint","urlTemplate":"https:\/\/bottega.scoiattolo.org\/?s={search_term_string}"},"query-input":{"@type":"PropertyValueSpecification","valueRequired":true,"valueName":"search_term_string"}}],"inLanguage":"it-IT"},{"@type":"Organization","@id":"https:\/\/bottega.scoiattolo.org\/#organization","name":"La bottega dello Scoiattolo","url":"https:\/\/bottega.scoiattolo.org\/","logo":{"@type":"ImageObject","inLanguage":"it-IT","@id":"https:\/\/bottega.scoiattolo.org\/#\/schema\/logo\/image\/","url":"https:\/\/bottega.scoiattolo.org\/wp-content\/uploads\/BV_logotondo.png","contentUrl":"https:\/\/bottega.scoiattolo.org\/wp-content\/uploads\/BV_logotondo.png","width":2329,"height":2275,"caption":"La bottega dello Scoiattolo"},"image":{"@id":"https:\/\/bottega.scoiattolo.org\/#\/schema\/logo\/image\/"},"sameAs":["https:\/\/www.facebook.com\/bottega.scoiattolo.org\/"]}]}},"uagb_featured_image_src":{"full":false,"thumbnail":false,"medium":false,"medium_large":false,"large":false,"1536x1536":false,"2048x2048":false},"uagb_author_info":{"display_name":"Paolo Tintori","author_link":"https:\/\/bottega.scoiattolo.org\/index.php\/author\/tintori2\/"},"uagb_comment_info":0,"uagb_excerpt":"La cooperativa Lo Scoiattolo \u201cLa Bottega Volante dello Scoiattolo sostiene l\u2019economia del nostro territorio mettendo in contatto produttori e consumatori e contribuisce a diffondere&nbsp;un consumo consapevole, sostenibile e di qualit\u00e0.\u201d Lo Scoiattolo Onlus Societ\u00e0 cooperativa sociale Sede legale: via Bignardi 13 \u2013 40036 \u2013 Monzuno (BO)Sede operativa: via Setta 64 \u2013 40037 \u2013 Sasso Marconi&hellip;","_links":{"self":[{"href":"https:\/\/bottega.scoiattolo.org\/index.php\/wp-json\/wp\/v2\/pages\/10","targetHints":{"allow":["GET"]}}],"collection":[{"href":"https:\/\/bottega.scoiattolo.org\/index.php\/wp-json\/wp\/v2\/pages"}],"about":[{"href":"https:\/\/bottega.scoiattolo.org\/index.php\/wp-json\/wp\/v2\/types\/page"}],"author":[{"embeddable":true,"href":"https:\/\/bottega.scoiattolo.org\/index.php\/wp-json\/wp\/v2\/users\/4"}],"replies":[{"embeddable":true,"href":"https:\/\/bottega.scoiattolo.org\/index.php\/wp-json\/wp\/v2\/comments?post=10"}],"version-history":[{"count":25,"href":"https:\/\/bottega.scoiattolo.org\/index.php\/wp-json\/wp\/v2\/pages\/10\/revisions"}],"predecessor-version":[{"id":5851,"href":"https:\/\/bottega.scoiattolo.org\/index.php\/wp-json\/wp\/v2\/pages\/10\/revisions\/5851"}],"wp:attachment":[{"href":"https:\/\/bottega.scoiattolo.org\/index.php\/wp-json\/wp\/v2\/media?parent=10"}],"curies":[{"name":"wp","href":"https:\/\/api.w.org\/{rel}","templated":true}]}}